{"id":464,"date":"2025-09-09T13:48:23","date_gmt":"2025-09-09T10:48:23","guid":{"rendered":"https:\/\/coastal.lv\/?page_id=464"},"modified":"2025-12-06T17:47:05","modified_gmt":"2025-12-06T15:47:05","slug":"par-projektu","status":"publish","type":"page","link":"https:\/\/coastal.lv\/lv\/par-projektu\/","title":{"rendered":"Par produktu"},"content":{"rendered":"<section id=\"written-content-block_e4b4cb81bf634f567dae34bfaeb8e2dc\" class=\"block written-content\">\n    <div class=\"container\">\n        <div class=\"row\">\n            <div class=\"col-12\">\n                <h4 data-start=\"1296\" data-end=\"1342\"><strong data-start=\"1296\" data-end=\"1340\">Atkl\u0101j Latviju caur gar\u0161\u0101m un trad\u012bcij\u0101m<\/strong><\/h4>\n<p data-start=\"1344\" data-end=\"1444\">Coastal Harvest aicina doties unik\u0101l\u0101 1\u20132 dienu degust\u0101ciju ce\u013cojum\u0101 gar Vidzemes j\u016bras piekrasti.<\/p>\n<p data-start=\"1446\" data-end=\"1596\">M\u016bsu t\u016bres apvieno viet\u0113j\u0101s gar\u0161as, \u0123imenes uz\u0146\u0113mumu st\u0101stus un gadsimtiem senas trad\u012bcijas caur degust\u0101cij\u0101m, meistarklas\u0113m un sirsn\u012bgu viesm\u012bl\u012bbu.<\/p>\n<p data-start=\"1598\" data-end=\"1804\">No svaigi grauzd\u0113tas kafijas un pasaul\u0113 godalgotiem sieriem l\u012bdz le\u0123end\u0101riem n\u0113\u0123u \u0113dieniem, lauku maizei un izsmalcin\u0101tiem zivju \u0113dieniem \u2013 katrs pieturas punkts atkl\u0101j Latvijas piekrastes gar\u0161u bag\u0101t\u012bbu.<\/p>\n<p data-start=\"1806\" data-end=\"1905\">Ce\u013c\u0101 satiksiet aizraut\u012bgus viet\u0113jos saimniekus, iepaz\u012bsiet piej\u016bras takas un Vidzemes viesm\u012bl\u012bbu.<\/p>\n<p data-start=\"1907\" data-end=\"2048\">Vienas vai divu dienu garum\u0101 Coastal Harvest ir vair\u0101k nek\u0101 degust\u0101cija \u2013 t\u0101 ir kult\u016bras pieredze, kas savieno v\u0113sturi, cilv\u0113kus un gar\u0161as.<\/p>\n<ul>\n<li data-start=\"2050\" data-end=\"2145\"><strong data-start=\"2053\" data-end=\"2082\">Pievienojies mazai grupai<\/strong> (8\u201315 viesi) vai ce\u013co kop\u0101 ar savu grupu (l\u012bdz 40 person\u0101m).<\/li>\n<li data-start=\"2147\" data-end=\"2214\"><strong data-start=\"2150\" data-end=\"2176\">Izv\u0113lies savu ce\u013cojumu<\/strong> \u2013 pirm\u0101 diena, otr\u0101 diena vai abas.<\/li>\n<li data-start=\"2216\" data-end=\"2283\"><strong data-start=\"2219\" data-end=\"2240\">Rezerv\u0113 jau tagad<\/strong> un nogar\u0161o Latvijas piekrastes d\u0101rgumus.<\/li>\n<\/ul>\n            <\/div>\n        <\/div>\n    <\/div>\n<\/section>\n","protected":false},"excerpt":{"rendered":"","protected":false},"author":2,"featured_media":0,"parent":0,"menu_order":0,"comment_status":"closed","ping_status":"closed","template":"templates\/template-simple-page.php","meta":{"_acf_changed":false,"footnotes":""},"class_list":["post-464","page","type-page","status-publish","hentry"],"acf":[],"yoast_head":"<!-- This site is optimized with the Yoast SEO plugin v25.1 - https:\/\/yoast.com\/wordpress\/plugins\/seo\/ -->\n<title>Par produktu - Coastal harvest<\/title>\n<meta name=\"robots\" content=\"index, follow, max-snippet:-1, max-image-preview:large, max-video-preview:-1\" \/>\n<link rel=\"canonical\" href=\"https:\/\/coastal.lv\/lv\/par-projektu\/\" \/>\n<meta property=\"og:locale\" content=\"lv_LV\" \/>\n<meta property=\"og:type\" content=\"article\" \/>\n<meta property=\"og:title\" content=\"Par produktu - Coastal harvest\" \/>\n<meta property=\"og:url\" content=\"https:\/\/coastal.lv\/lv\/par-projektu\/\" \/>\n<meta property=\"og:site_name\" content=\"Coastal harvest\" \/>\n<meta property=\"article:modified_time\" content=\"2025-12-06T15:47:05+00:00\" \/>\n<meta name=\"twitter:card\" content=\"summary_large_image\" \/>\n<script type=\"application\/ld+json\" class=\"yoast-schema-graph\">{\"@context\":\"https:\/\/schema.org\",\"@graph\":[{\"@type\":\"WebPage\",\"@id\":\"https:\/\/coastal.lv\/lv\/par-projektu\/\",\"url\":\"https:\/\/coastal.lv\/lv\/par-projektu\/\",\"name\":\"Par produktu - Coastal harvest\",\"isPartOf\":{\"@id\":\"https:\/\/coastal.lv\/#website\"},\"datePublished\":\"2025-09-09T10:48:23+00:00\",\"dateModified\":\"2025-12-06T15:47:05+00:00\",\"breadcrumb\":{\"@id\":\"https:\/\/coastal.lv\/lv\/par-projektu\/#breadcrumb\"},\"inLanguage\":\"lv-LV\",\"potentialAction\":[{\"@type\":\"ReadAction\",\"target\":[\"https:\/\/coastal.lv\/lv\/par-projektu\/\"]}]},{\"@type\":\"BreadcrumbList\",\"@id\":\"https:\/\/coastal.lv\/lv\/par-projektu\/#breadcrumb\",\"itemListElement\":[{\"@type\":\"ListItem\",\"position\":1,\"name\":\"Home\",\"item\":\"https:\/\/coastal.lv\/lv\/\"},{\"@type\":\"ListItem\",\"position\":2,\"name\":\"Par produktu\"}]},{\"@type\":\"WebSite\",\"@id\":\"https:\/\/coastal.lv\/#website\",\"url\":\"https:\/\/coastal.lv\/\",\"name\":\"Coastal harvest\",\"description\":\"\",\"potentialAction\":[{\"@type\":\"SearchAction\",\"target\":{\"@type\":\"EntryPoint\",\"urlTemplate\":\"https:\/\/coastal.lv\/?s={search_term_string}\"},\"query-input\":{\"@type\":\"PropertyValueSpecification\",\"valueRequired\":true,\"valueName\":\"search_term_string\"}}],\"inLanguage\":\"lv-LV\"}]}<\/script>\n<!-- \/ Yoast SEO plugin. -->","yoast_head_json":{"title":"Par produktu - Coastal harvest","robots":{"index":"index","follow":"follow","max-snippet":"max-snippet:-1","max-image-preview":"max-image-preview:large","max-video-preview":"max-video-preview:-1"},"canonical":"https:\/\/coastal.lv\/lv\/par-projektu\/","og_locale":"lv_LV","og_type":"article","og_title":"Par produktu - Coastal harvest","og_url":"https:\/\/coastal.lv\/lv\/par-projektu\/","og_site_name":"Coastal harvest","article_modified_time":"2025-12-06T15:47:05+00:00","twitter_card":"summary_large_image","schema":{"@context":"https:\/\/schema.org","@graph":[{"@type":"WebPage","@id":"https:\/\/coastal.lv\/lv\/par-projektu\/","url":"https:\/\/coastal.lv\/lv\/par-projektu\/","name":"Par produktu - Coastal harvest","isPartOf":{"@id":"https:\/\/coastal.lv\/#website"},"datePublished":"2025-09-09T10:48:23+00:00","dateModified":"2025-12-06T15:47:05+00:00","breadcrumb":{"@id":"https:\/\/coastal.lv\/lv\/par-projektu\/#breadcrumb"},"inLanguage":"lv-LV","potentialAction":[{"@type":"ReadAction","target":["https:\/\/coastal.lv\/lv\/par-projektu\/"]}]},{"@type":"BreadcrumbList","@id":"https:\/\/coastal.lv\/lv\/par-projektu\/#breadcrumb","itemListElement":[{"@type":"ListItem","position":1,"name":"Home","item":"https:\/\/coastal.lv\/lv\/"},{"@type":"ListItem","position":2,"name":"Par produktu"}]},{"@type":"WebSite","@id":"https:\/\/coastal.lv\/#website","url":"https:\/\/coastal.lv\/","name":"Coastal harvest","description":"","potentialAction":[{"@type":"SearchAction","target":{"@type":"EntryPoint","urlTemplate":"https:\/\/coastal.lv\/?s={search_term_string}"},"query-input":{"@type":"PropertyValueSpecification","valueRequired":true,"valueName":"search_term_string"}}],"inLanguage":"lv-LV"}]}},"_links":{"self":[{"href":"https:\/\/coastal.lv\/lv\/wp-json\/wp\/v2\/pages\/464","targetHints":{"allow":["GET"]}}],"collection":[{"href":"https:\/\/coastal.lv\/lv\/wp-json\/wp\/v2\/pages"}],"about":[{"href":"https:\/\/coastal.lv\/lv\/wp-json\/wp\/v2\/types\/page"}],"author":[{"embeddable":true,"href":"https:\/\/coastal.lv\/lv\/wp-json\/wp\/v2\/users\/2"}],"replies":[{"embeddable":true,"href":"https:\/\/coastal.lv\/lv\/wp-json\/wp\/v2\/comments?post=464"}],"version-history":[{"count":5,"href":"https:\/\/coastal.lv\/lv\/wp-json\/wp\/v2\/pages\/464\/revisions"}],"predecessor-version":[{"id":815,"href":"https:\/\/coastal.lv\/lv\/wp-json\/wp\/v2\/pages\/464\/revisions\/815"}],"wp:attachment":[{"href":"https:\/\/coastal.lv\/lv\/wp-json\/wp\/v2\/media?parent=464"}],"curies":[{"name":"wp","href":"https:\/\/api.w.org\/{rel}","templated":true}]}}