{"id":555,"date":"2025-09-11T13:31:38","date_gmt":"2025-09-11T10:31:38","guid":{"rendered":"https:\/\/coastal.lv\/konfidencialitates-politika\/"},"modified":"2025-11-27T17:44:12","modified_gmt":"2025-11-27T15:44:12","slug":"privatuma-politika","status":"publish","type":"page","link":"https:\/\/coastal.lv\/lv\/privatuma-politika\/","title":{"rendered":"Priv\u0101tuma politika"},"content":{"rendered":"<section id=\"written-content-block_33226246661c870783e29047e5934680\" class=\"block written-content\">\n    <div class=\"container\">\n        <div class=\"row\">\n            <div class=\"col-12\">\n                <p><strong>LR PROJEKTI<\/strong><br \/>\nRe\u0123istr\u0101cijas Nr. 40203586614<br \/>\nJuridisk\u0101 adrese: \u201cMeijas\u201d, Tomes pagasts, Ogres novads, Latvija, LV-5020<\/p>\n<p>P\u0113d\u0113jo izmai\u0146u datums: 28.11.2025.<\/p>\n<p><strong>1. Visp\u0101r\u012bgie noteikumi<\/strong><\/p>\n<p>\u0160\u012b Priv\u0101tuma politika skaidro, k\u0101 LR PROJEKTI (turpm\u0101k \u2013 Uz\u0146\u0113mums, m\u0113s) apstr\u0101d\u0101 klientu un t\u012bmek\u013ca vietnes apmekl\u0113t\u0101ju personas datus, ieg\u0101d\u0101joties vai izmantojot t\u016brisma un ar ce\u013cojumiem saist\u012btos pakalpojumus.<\/p>\n<p>M\u0113s apstr\u0101d\u0101jam personas datus atbilsto\u0161i Eiropas Parlamenta un Padomes Regulas (ES) 2016\/679 (GDPR) un Latvijas Republikas normat\u012bvo aktu pras\u012bb\u0101m.<\/p>\n<p><strong>2. Datu p\u0101rzinis<\/strong><\/p>\n<p>LR PROJEKTI<br \/>\nRe\u0123. Nr.: 40203586614<br \/>\nAdrese: \u201cMeijas\u201d, Tomes pagasts, Ogres novads, LV-5020<br \/>\nE-pasts sazi\u0146ai par datu aizsardz\u012bbu: lindamednee@gmail.com<\/p>\n<p><strong>3. K\u0101di personas dati tiek apstr\u0101d\u0101ti<\/strong><\/p>\n<p><strong>3.1. Klienta identifik\u0101cijas dati<\/strong><br \/>\nv\u0101rds, uzv\u0101rds;<br \/>\npersonas kods \/ dzim\u0161anas dati;<br \/>\npases vai ID kartes dati;<br \/>\nvalstisk\u0101 pieder\u012bba.<\/p>\n<p><strong>3.2. Kontaktinform\u0101cija<\/strong><br \/>\nt\u0101lrunis;<br \/>\ne-pasta adrese;<br \/>\ndz\u012bvesvietas adrese.<\/p>\n<p><strong>3.3. Ce\u013co\u0161anai nepiecie\u0161amie dati<\/strong><br \/>\nbi\u013ce\u0161u rezerv\u0101ciju inform\u0101cija;<br \/>\napdro\u0161in\u0101\u0161anas dati;<br \/>\ninform\u0101cija par \u012bpa\u0161\u0101m pras\u012bb\u0101m (piem\u0113ram, uzturs, vesel\u012bbas aspekti, tikai ja to sniedz br\u012bvpr\u0101t\u012bgi).<\/p>\n<p><strong>3.4. Nor\u0113\u0137inu dati<\/strong><br \/>\nbankas nor\u0113\u0137inu inform\u0101cija (maks\u0101jot r\u0113\u0137inus);<br \/>\nmaks\u0101jumu statusi.<\/p>\n<p><strong>3.5. M\u0101jaslapas lieto\u0161anas dati<\/strong><br \/>\nIP adrese;<br \/>\ns\u012bkdatnes;<br \/>\nvietnes apmekl\u0113jumu statistika.<\/p>\n<p><strong>4. Personas datu apstr\u0101des m\u0113r\u0137i<\/strong><\/p>\n<p>M\u0113s apstr\u0101d\u0101jam datus \u0161\u0101diem m\u0113r\u0137iem:<\/p>\n<p>T\u016brisma produktu un pakalpojumu nodro\u0161in\u0101\u0161anai \u2013 rezerv\u0101cijas, aviobi\u013cetes, viesn\u012bcas, transf\u0113ri, ce\u013cojumu komplekti.<br \/>\nL\u012bguma izpildei un nor\u0113\u0137iniem \u2013 pakalpojumu snieg\u0161ana, r\u0113\u0137inu sagatavo\u0161ana.<br \/>\nKlientu apkalpo\u0161anai \u2013 komunik\u0101cija par ce\u013cojumu, izmai\u0146\u0101m, dro\u0161\u012bbas pras\u012bb\u0101m.<br \/>\nTiesisku pien\u0101kumu izpildei \u2013 nodok\u013cu uzskaite, gr\u0101matved\u012bba, ce\u013cojumu inform\u0101cijas snieg\u0161ana valsts iest\u0101d\u0113m, ja to paredz likums.<br \/>\nM\u0101rketinga komunik\u0101cijai (tikai ar klienta piekri\u0161anu) \u2013 e-pasta jaunumi, akcijas, \u012bpa\u0161ie pied\u0101v\u0101jumi.<\/p>\n<p><strong>5. Datu apstr\u0101des juridiskie pamati<\/strong><\/p>\n<p>L\u012bguma izpilde (GDPR 6(1)(b));<br \/>\nJuridiskais pien\u0101kums (GDPR 6(1)(c));<br \/>\nPiekri\u0161ana (GDPR 6(1)(a));<br \/>\nLe\u0123it\u012bm\u0101s intereses (GDPR 6(1)(f)) \u2013 m\u0101jaslapas dro\u0161\u012bba, pakalpojumu kvalit\u0101tes uzlabo\u0161ana.<\/p>\n<p><strong>6. Personas datu glab\u0101\u0161ana<\/strong><\/p>\n<p>Datus glab\u0101jam tikai tik ilgi, cik nepiecie\u0161ams:<br \/>\nl\u012bgumu un gr\u0101matved\u012bbas dati: 5\u201310 gadi atbilsto\u0161i likumiem;<br \/>\nrezerv\u0101ciju dati: l\u012bdz ce\u013cojuma beig\u0101m + 2 gadi;<br \/>\nm\u0101rketinga dati: l\u012bdz piekri\u0161anas atsauk\u0161anai;<br \/>\ns\u012bkdat\u0146u dati: atbilsto\u0161i s\u012bkdat\u0146u politikai.<\/p>\n<p><strong>7. Personas datu nodo\u0161ana tre\u0161aj\u0101m person\u0101m<\/strong><\/p>\n<p>M\u0113s varam nodot datus tikai nepiecie\u0161am\u012bbas gad\u012bjum\u0101:<br \/>\naviokomp\u0101nij\u0101m, viesn\u012bc\u0101m, transf\u0113ru komp\u0101nij\u0101m;<br \/>\napdro\u0161in\u0101t\u0101jiem;<br \/>\npartneru a\u0123ent\u016br\u0101m \u0101rvalst\u012bs;<br \/>\nIT pakalpojumu sniedz\u0113jiem;<br \/>\nvalsts iest\u0101d\u0113m, ja to paredz likums.<\/p>\n<p>Dati \u0101rpus ES tiek nodoti tikai tad, ja tiek nodro\u0161in\u0101ts GDPR atbilsto\u0161s aizsardz\u012bbas l\u012bmenis.<\/p>\n<p><strong>8. Klienta ties\u012bbas<\/strong><\/p>\n<p>Jums ir ties\u012bbas:<br \/>\nsa\u0146emt inform\u0101ciju par datu apstr\u0101di;<br \/>\npiek\u013c\u016bt saviem datiem;<br \/>\nlabot neprec\u012bzus datus;<br \/>\natsaukt piekri\u0161anu;<br \/>\npiepras\u012bt dz\u0113\u0161anu (\u201cties\u012bbas tikt aizmirstam\u201d), ja to pie\u013cauj likums;<br \/>\nierobe\u017eot apstr\u0101di;<br \/>\niebilst apstr\u0101dei;<br \/>\npiepras\u012bt datu p\u0101rnesam\u012bbu.<\/p>\n<p>Piepras\u012bjumus var iesniegt rakstiski, rakstot uz nor\u0101d\u012bto e-pastu.<\/p>\n<p><strong>9. Datu dro\u0161\u012bba<\/strong><\/p>\n<p>M\u0113s iev\u0113rojam tehniskos un organizatoriskos pas\u0101kumus:<br \/>\ndro\u0161i serveri un \u0161ifr\u0113\u0161ana;<br \/>\npiek\u013cuves kontrole;<br \/>\ndro\u0161as rezerves kopijas;<br \/>\npartneru izv\u0113le, kas nodro\u0161ina GDPR iev\u0113ro\u0161anu.<\/p>\n<p><strong>10. S\u012bkdatnes (Cookies)<\/strong><\/p>\n<p>M\u0113s izmantojam s\u012bkdatnes, lai uzlabotu vietnes darb\u012bbu un lietot\u0101ja pieredzi.<br \/>\nS\u012bkdat\u0146u izmanto\u0161ana aprakst\u012bta S\u012bkdat\u0146u politik\u0101, kas pieejama m\u0101jaslap\u0101.<\/p>\n<p><strong>11. S\u016bdz\u012bbas un uzraugo\u0161\u0101 iest\u0101de<\/strong><\/p>\n<p>Ja uzskat\u0101t, ka J\u016bsu dati tiek apstr\u0101d\u0101ti neatbilsto\u0161i, varat iesniegt s\u016bdz\u012bbu:<br \/>\nDatu valsts inspekcija<br \/>\nwww.dvi.gov.lv<\/p>\n<p><strong>12. Priv\u0101tuma politikas izmai\u0146as<\/strong><\/p>\n<p>M\u0113s varam atjaunin\u0101t Priv\u0101tuma politiku, ja main\u0101s pakalpojumi vai normat\u012bvie akti. Izmai\u0146as st\u0101jas sp\u0113k\u0101 ar to public\u0113\u0161anu m\u0101jaslap\u0101.<\/p>\n<\/div>\n            <\/div>\n        <\/div>\n    <\/div>\n<\/section>\n","protected":false},"excerpt":{"rendered":"","protected":false},"author":2,"featured_media":0,"parent":0,"menu_order":0,"comment_status":"closed","ping_status":"closed","template":"templates\/template-simple-page.php","meta":{"_acf_changed":false,"footnotes":""},"class_list":["post-555","page","type-page","status-publish","hentry"],"acf":[],"yoast_head":"<!-- This site is optimized with the Yoast SEO plugin v25.1 - https:\/\/yoast.com\/wordpress\/plugins\/seo\/ -->\n<title>Priv\u0101tuma politika - Coastal harvest<\/title>\n<meta name=\"robots\" content=\"index, follow, max-snippet:-1, max-image-preview:large, max-video-preview:-1\" \/>\n<link rel=\"canonical\" href=\"https:\/\/coastal.lv\/lv\/privatuma-politika\/\" \/>\n<meta property=\"og:locale\" content=\"lv_LV\" \/>\n<meta property=\"og:type\" content=\"article\" \/>\n<meta property=\"og:title\" content=\"Priv\u0101tuma politika - Coastal harvest\" \/>\n<meta property=\"og:url\" content=\"https:\/\/coastal.lv\/lv\/privatuma-politika\/\" \/>\n<meta property=\"og:site_name\" content=\"Coastal harvest\" \/>\n<meta property=\"article:modified_time\" content=\"2025-11-27T15:44:12+00:00\" \/>\n<meta name=\"twitter:card\" content=\"summary_large_image\" \/>\n<script type=\"application\/ld+json\" class=\"yoast-schema-graph\">{\"@context\":\"https:\/\/schema.org\",\"@graph\":[{\"@type\":\"WebPage\",\"@id\":\"https:\/\/coastal.lv\/lv\/privatuma-politika\/\",\"url\":\"https:\/\/coastal.lv\/lv\/privatuma-politika\/\",\"name\":\"Priv\u0101tuma politika - Coastal harvest\",\"isPartOf\":{\"@id\":\"https:\/\/coastal.lv\/#website\"},\"datePublished\":\"2025-09-11T10:31:38+00:00\",\"dateModified\":\"2025-11-27T15:44:12+00:00\",\"breadcrumb\":{\"@id\":\"https:\/\/coastal.lv\/lv\/privatuma-politika\/#breadcrumb\"},\"inLanguage\":\"lv-LV\",\"potentialAction\":[{\"@type\":\"ReadAction\",\"target\":[\"https:\/\/coastal.lv\/lv\/privatuma-politika\/\"]}]},{\"@type\":\"BreadcrumbList\",\"@id\":\"https:\/\/coastal.lv\/lv\/privatuma-politika\/#breadcrumb\",\"itemListElement\":[{\"@type\":\"ListItem\",\"position\":1,\"name\":\"Home\",\"item\":\"https:\/\/coastal.lv\/lv\/\"},{\"@type\":\"ListItem\",\"position\":2,\"name\":\"Priv\u0101tuma politika\"}]},{\"@type\":\"WebSite\",\"@id\":\"https:\/\/coastal.lv\/#website\",\"url\":\"https:\/\/coastal.lv\/\",\"name\":\"Coastal harvest\",\"description\":\"\",\"potentialAction\":[{\"@type\":\"SearchAction\",\"target\":{\"@type\":\"EntryPoint\",\"urlTemplate\":\"https:\/\/coastal.lv\/?s={search_term_string}\"},\"query-input\":{\"@type\":\"PropertyValueSpecification\",\"valueRequired\":true,\"valueName\":\"search_term_string\"}}],\"inLanguage\":\"lv-LV\"}]}<\/script>\n<!-- \/ Yoast SEO plugin. -->","yoast_head_json":{"title":"Priv\u0101tuma politika - Coastal harvest","robots":{"index":"index","follow":"follow","max-snippet":"max-snippet:-1","max-image-preview":"max-image-preview:large","max-video-preview":"max-video-preview:-1"},"canonical":"https:\/\/coastal.lv\/lv\/privatuma-politika\/","og_locale":"lv_LV","og_type":"article","og_title":"Priv\u0101tuma politika - Coastal harvest","og_url":"https:\/\/coastal.lv\/lv\/privatuma-politika\/","og_site_name":"Coastal harvest","article_modified_time":"2025-11-27T15:44:12+00:00","twitter_card":"summary_large_image","schema":{"@context":"https:\/\/schema.org","@graph":[{"@type":"WebPage","@id":"https:\/\/coastal.lv\/lv\/privatuma-politika\/","url":"https:\/\/coastal.lv\/lv\/privatuma-politika\/","name":"Priv\u0101tuma politika - Coastal harvest","isPartOf":{"@id":"https:\/\/coastal.lv\/#website"},"datePublished":"2025-09-11T10:31:38+00:00","dateModified":"2025-11-27T15:44:12+00:00","breadcrumb":{"@id":"https:\/\/coastal.lv\/lv\/privatuma-politika\/#breadcrumb"},"inLanguage":"lv-LV","potentialAction":[{"@type":"ReadAction","target":["https:\/\/coastal.lv\/lv\/privatuma-politika\/"]}]},{"@type":"BreadcrumbList","@id":"https:\/\/coastal.lv\/lv\/privatuma-politika\/#breadcrumb","itemListElement":[{"@type":"ListItem","position":1,"name":"Home","item":"https:\/\/coastal.lv\/lv\/"},{"@type":"ListItem","position":2,"name":"Priv\u0101tuma politika"}]},{"@type":"WebSite","@id":"https:\/\/coastal.lv\/#website","url":"https:\/\/coastal.lv\/","name":"Coastal harvest","description":"","potentialAction":[{"@type":"SearchAction","target":{"@type":"EntryPoint","urlTemplate":"https:\/\/coastal.lv\/?s={search_term_string}"},"query-input":{"@type":"PropertyValueSpecification","valueRequired":true,"valueName":"search_term_string"}}],"inLanguage":"lv-LV"}]}},"_links":{"self":[{"href":"https:\/\/coastal.lv\/lv\/wp-json\/wp\/v2\/pages\/555","targetHints":{"allow":["GET"]}}],"collection":[{"href":"https:\/\/coastal.lv\/lv\/wp-json\/wp\/v2\/pages"}],"about":[{"href":"https:\/\/coastal.lv\/lv\/wp-json\/wp\/v2\/types\/page"}],"author":[{"embeddable":true,"href":"https:\/\/coastal.lv\/lv\/wp-json\/wp\/v2\/users\/2"}],"replies":[{"embeddable":true,"href":"https:\/\/coastal.lv\/lv\/wp-json\/wp\/v2\/comments?post=555"}],"version-history":[{"count":5,"href":"https:\/\/coastal.lv\/lv\/wp-json\/wp\/v2\/pages\/555\/revisions"}],"predecessor-version":[{"id":775,"href":"https:\/\/coastal.lv\/lv\/wp-json\/wp\/v2\/pages\/555\/revisions\/775"}],"wp:attachment":[{"href":"https:\/\/coastal.lv\/lv\/wp-json\/wp\/v2\/media?parent=555"}],"curies":[{"name":"wp","href":"https:\/\/api.w.org\/{rel}","templated":true}]}}