{"id":895,"date":"2025-12-11T15:03:24","date_gmt":"2025-12-11T13:03:24","guid":{"rendered":"https:\/\/coastal.lv\/?page_id=895"},"modified":"2026-03-05T08:15:33","modified_gmt":"2026-03-05T06:15:33","slug":"sadarbibas-uznemumi","status":"publish","type":"page","link":"https:\/\/coastal.lv\/lv\/sadarbibas-uznemumi\/","title":{"rendered":"Sadarb\u012bbas uz\u0146\u0113mumi"},"content":{"rendered":"<section id=\"written-content-block_992cf61862dd6f75c66bd8d703022105\" class=\"block written-content\">\n    <div class=\"container\">\n        <div class=\"row\">\n            <div class=\"col-12\">\n                <h2>Brant Coffee \u2013 Specialty kafijas grauzd\u0113tava un kafijas degust\u0101cijas<\/h2>\n<p><strong>Brant Coffee<\/strong> ir \u0123imenes specialty kafijas grauzd\u0113tava, kas pied\u0101v\u0101 augst\u0101k\u0101s kvalit\u0101tes kafijas pupi\u0146as no da\u017e\u0101diem pasaules re\u0123ioniem. Katra partija tiek r\u016bp\u012bgi grauzd\u0113ta, lai izceltu pupi\u0146u unik\u0101l\u0101s gar\u0161as un arom\u0101ta nianses.<\/p>\n<p>Apmekl\u0113t\u0101ji var iepaz\u012bt kafijas ce\u013cu \u2013 no audz\u0113\u0161anas un apstr\u0101des l\u012bdz grauzd\u0113\u0161anai. Degust\u0101cij\u0101s iesp\u0113jams sal\u012bdzin\u0101t da\u017e\u0101dus re\u0123ionus un grauzd\u0113juma pak\u0101pes, izprotot, k\u0101 grauzd\u0113\u0161ana ietekm\u0113 kafijas gar\u0161as profilu.<\/p>\n<p><strong>Partnera m\u0101jas lapa: <a href=\"https:\/\/brantcoffee.com\/\" target=\"_blank\" rel=\"noopener\">brantcoffee.com<\/a><\/strong><\/p>\n<p><script type=\"application\/ld+json\">\n{\n\"@context\":\"https:\/\/schema.org\",\n\"@type\":\"CafeOrCoffeeShop\",\n\"name\":\"Brant Coffee\",\n\"url\":\"https:\/\/brantcoffee.com\/\"\n}\n<\/script><\/p>\n<hr>\n<p><!--more--><\/p>\n            <\/div>\n        <\/div>\n    <\/div>\n<\/section>\n\n\n<section id=\"written-content-block_68c22f735ece27cea8821c8097a845f5\" class=\"block written-content\">\n    <div class=\"container\">\n        <div class=\"row\">\n            <div class=\"col-12\">\n                <h2>SIA Krupis \u2013 Carnikavas n\u0113\u0123u ra\u017eo\u0161ana un degust\u0101cijas<\/h2>\n<p><strong>SIA Krupis<\/strong> nodarbojas ar tradicion\u0101lu Carnikavas n\u0113\u0123u p\u0101rstr\u0101di. Carnikavas upes n\u0113\u0123is (Lampetra fluviatilis) ir viet\u0113j\u0101 delikatese jau kop\u0161 17. gadsimta.<\/p>\n<p>Degust\u0101cij\u0101s iesp\u0113jams baud\u012bt svaigi grill\u0113tus n\u0113\u0123us, \u012bpa\u0161o n\u0113\u0123u zupu un n\u0113\u0123u su\u0161i, iepaz\u012bstot autentisku zvejniekciema atmosf\u0113ru pa\u0161\u0101 Carnikavas centr\u0101.<\/p>\n<p><script type=\"application\/ld+json\">\n{\n\"@context\":\"https:\/\/schema.org\",\n\"@type\":\"FoodEstablishment\",\n\"name\":\"SIA Krupis\",\n\"servesCuisine\":\"Latvian Seafood\"\n}\n<\/script><\/p>\n<hr>\n<p><!--more--><\/p>\n            <\/div>\n        <\/div>\n    <\/div>\n<\/section>\n\n\n<section id=\"written-content-block_1ae433cb9ca0ce03cbc4bd49d52ea1ee\" class=\"block written-content\">\n    <div class=\"container\">\n        <div class=\"row\">\n            <div class=\"col-12\">\n                <h2>Garupes Gardumi \u2013 Tradicion\u0101lu latvie\u0161u \u0113dienu degust\u0101cijas<\/h2>\n<p><strong>Garupes Gardumi<\/strong> pied\u0101v\u0101 autentiskas latvie\u0161u m\u0101jra\u017eojumu degust\u0101cijas \u2013 k\u016bpin\u0101jumus, past\u0113tes, galertus, uz ogl\u0113m grill\u0113tus ga\u013cas izstr\u0101d\u0101jumus, m\u0101jas maizi, pl\u0101tsmaizes un citus gardumus p\u0113c senlatvie\u0161u recept\u0113m.<\/p>\n<p><script type=\"application\/ld+json\">\n{\n\"@context\":\"https:\/\/schema.org\",\n\"@type\":\"FoodEstablishment\",\n\"name\":\"Garupes Gardumi\",\n\"servesCuisine\":\"Latvian\"\n}\n<\/script><\/p>\n<hr>\n<p><!--more--><\/p>\n            <\/div>\n        <\/div>\n    <\/div>\n<\/section>\n\n\n<section id=\"written-content-block_7ba04783bf670f945d35ca739a5d4015\" class=\"block written-content\">\n    <div class=\"container\">\n        <div class=\"row\">\n            <div class=\"col-12\">\n                <h2>Zivju Grozs \u2013 Zivju restor\u0101ns un latvie\u0161u kulin\u0101r\u0101s meistarklases<\/h2>\n<p><strong>Zivju Grozs<\/strong>, kura \u012bpa\u0161nieks ir Latvij\u0101 paz\u012bstamais \u0161efpav\u0101rs J\u0101nis Melnalksnis, pied\u0101v\u0101 arom\u0101tiskas zivju zupas, k\u016bpin\u0101tas, ceptas un grill\u0113tas zivis, k\u0101 ar\u012b tradicion\u0101lo zivju \u0113dienu meistarklases ar iesp\u0113ju apmekl\u0113t\u0101jiem pa\u0161iem piedal\u012bties gatavo\u0161an\u0101.<\/p>\n<p><script type=\"application\/ld+json\">\n{\n\"@context\":\"https:\/\/schema.org\",\n\"@type\":\"Restaurant\",\n\"name\":\"Zivju Grozs\",\n\"servesCuisine\":\"Seafood\"\n}\n<\/script><\/p>\n<hr>\n<p><!--more--><\/p>\n            <\/div>\n        <\/div>\n    <\/div>\n<\/section>\n\n\n<section id=\"written-content-block_a0826bc27c688e32d5072abeaebbbb6f\" class=\"block written-content\">\n    <div class=\"container\">\n        <div class=\"row\">\n            <div class=\"col-12\">\n                <h2>Soira Sieri \u2013 Amatniecisk\u0101 siera ra\u017eotne un degust\u0101cijas Latvij\u0101<\/h2>\n<p><strong>Soira Sieri<\/strong> ir starptautiski atz\u012bta amatniecisk\u0101 siera ra\u017eotne, kas apvieno tradicion\u0101l\u0101s siera gatavo\u0161anas metodes ar m\u016bsdien\u012bgu pieeju biolo\u0123iskai p\u0101rtikai. Pied\u0101v\u0101 vair\u0101k nek\u0101 20 sieru \u0161\u0137irnes \u2013 no svaigajiem l\u012bdz ilgsto\u0161i nogatavin\u0101tiem cietajiem sieriem, k\u0101 ar\u012b ra\u017eotnes apmekl\u0113jumus un degust\u0101cijas.<\/p>\n<p>Partnera m\u0101jas lapa: <a href=\"https:\/\/www.soira.lv\/lv\" target=\"_blank\" rel=\"noopener\">soira.lv<\/a><\/p>\n<p><script type=\"application\/ld+json\">\n{\n\"@context\":\"https:\/\/schema.org\",\n\"@type\":\"FoodEstablishment\",\n\"name\":\"Soira Sieri\",\n\"url\":\"https:\/\/www.soira.lv\/lv\"\n}\n<\/script><\/p>\n<hr>\n<p><!--more--><\/p>\n            <\/div>\n        <\/div>\n    <\/div>\n<\/section>\n\n\n<section id=\"written-content-block_882a2777a8bfc0e5f43bfdeace1eec87\" class=\"block written-content\">\n    <div class=\"container\">\n        <div class=\"row\">\n            <div class=\"col-12\">\n                <h2>Grill House &#038; Hotel Pernigele \u2013 Restor\u0101ns, viesn\u012bca un farm-to-table pieredze<\/h2>\n<p><strong>Grill House &#038; Hotel Pernigele<\/strong> ir \u0123imenes uz\u0146\u0113mums, kas pied\u0101v\u0101 farm-to-table restor\u0101nu un romantisku viesn\u012bcu pie Liepupes upes. Viesi bauda no pa\u0161u audz\u0113tas liellopu ga\u013cas gatavotus \u0113dienus, nak\u0161\u0146o\u0161anu un atp\u016btu dabas ielok\u0101.<\/p>\n<p>M\u0101jas lapa: <a href=\"http:\/\/www.pernigale.lv\" target=\"_blank\" rel=\"noopener\">pernigale.lv<\/a><\/p>\n<p><script type=\"application\/ld+json\">\n{\n\"@context\":\"https:\/\/schema.org\",\n\"@type\":\"Hotel\",\n\"name\":\"Grill House & Hotel Pernigele\",\n\"url\":\"http:\/\/www.pernigale.lv\"\n}\n<\/script><\/p>\n<hr>\n<p><!--more--><\/p>\n            <\/div>\n        <\/div>\n    <\/div>\n<\/section>\n\n\n<section id=\"written-content-block_729fc39787dd494d0a14e1e21a05daff\" class=\"block written-content\">\n    <div class=\"container\">\n        <div class=\"row\">\n            <div class=\"col-12\">\n                <h2>Vecgulbenes mui\u017ea \u2013 4* v\u0113sturiska viesn\u012bca, restor\u0101ns un SPA<\/h2>\n<p><strong>Vecgulbenes mui\u017eas komplekss<\/strong> pied\u0101v\u0101 \u010detrzvaig\u017e\u0146u viesn\u012bcu ar v\u0113sturisku interjeru, restor\u0101nu ar terasi, SPA centru un ainavisku parku ar simtgad\u012bgiem kokiem.<\/p>\n<p>M\u0101jas lapa: <a href=\"https:\/\/www.vecgulbenesmuiza.lv\/\" target=\"_blank\" rel=\"noopener\">vecgulbenesmuiza.lv<\/a><\/p>\n<p><script type=\"application\/ld+json\">\n{\n\"@context\":\"https:\/\/schema.org\",\n\"@type\":\"Hotel\",\n\"name\":\"Vecgulbenes mui\u017ea\",\n\"url\":\"https:\/\/www.vecgulbenesmuiza.lv\/\"\n}\n<\/script><\/p>\n<hr>\n<p><!--more--><\/p>\n            <\/div>\n        <\/div>\n    <\/div>\n<\/section>\n\n\n<section id=\"written-content-block_0239e4cb227dd8c328f51aea2b9cade1\" class=\"block written-content\">\n    <div class=\"container\">\n        <div class=\"row\">\n            <div class=\"col-12\">\n                <h2>Dabasmaize \u2013 Tradicion\u0101l\u0101 rudzu maize un maizes cep\u0161anas meistarklases<\/h2>\n<p><strong>Dabasmaize<\/strong> cep tradicion\u0101lu latvie\u0161u rudzu maizi, k\u0113ksus, cepumus un citus konditorejas izstr\u0101d\u0101jumus. Apmekl\u0113t\u0101jiem pieejamas maizes cep\u0161anas meistarklases un degust\u0101cijas.<\/p>\n<p><a href=\"https:\/\/dabasmaize.lv\/\" target=\"_blank\" rel=\"noopener\">dabasmaize.lv<\/a><\/p>\n<p><script type=\"application\/ld+json\">\n{\n\"@context\":\"https:\/\/schema.org\",\n\"@type\":\"Bakery\",\n\"name\":\"Dabasmaize\",\n\"url\":\"https:\/\/dabasmaize.lv\/\"\n}\n<\/script><\/p>\n<hr>\n<p><!--more--><\/p>\n            <\/div>\n        <\/div>\n    <\/div>\n<\/section>\n\n\n<section id=\"written-content-block_de749c138cc86edf31e54f567232e792\" class=\"block written-content\">\n    <div class=\"container\">\n        <div class=\"row\">\n            <div class=\"col-12\">\n                <h2>M\u0101rcienas mui\u017ea \u2013 V\u0113sturiska viesn\u012bca un SPA Vidzem\u0113<\/h2>\n<p><strong>M\u0101rcienas mui\u017ea<\/strong> ir grezna lauku viesn\u012bca ar izsmalcin\u0101tu restor\u0101nu, SPA proced\u016br\u0101m, pla\u0161u v\u012bnu karti un akt\u012bv\u0101s atp\u016btas iesp\u0113j\u0101m gleznain\u0101 Vidzemes vid\u0113.<\/p>\n<p><a href=\"https:\/\/hotelmarciena.lv\/\" target=\"_blank\" rel=\"noopener\">hotelmarciena.lv<\/a><\/p>\n<p><script type=\"application\/ld+json\">\n{\n\"@context\":\"https:\/\/schema.org\",\n\"@type\":\"Hotel\",\n\"name\":\"M\u0101rcienas mui\u017ea\",\n\"url\":\"https:\/\/hotelmarciena.lv\/\"\n}\n<\/script><\/p>\n<hr>\n<p><!--more--><\/p>\n            <\/div>\n        <\/div>\n    <\/div>\n<\/section>\n\n\n<section id=\"written-content-block_5e834499502a917a14eed2caf909b08e\" class=\"block written-content\">\n    <div class=\"container\">\n        <div class=\"row\">\n            <div class=\"col-12\">\n                <h2>Viesn\u012bca Divas Upes \u2013 Boutique viesn\u012bca, restor\u0101ns un SPA<\/h2>\n<p><strong>Viesn\u012bca Divas Upes<\/strong> ir \u0123imenes boutique viesn\u012bca ar restor\u0101nu, SPA pakalpojumiem, nelielu svin\u012bbu un semin\u0101ru organiz\u0113\u0161anu, kas atrodas v\u0113sturisk\u0101s mui\u017eas kl\u0113ts drup\u0101s ar Vidusj\u016bras stila interjeru.<\/p>\n<p><a href=\"https:\/\/divasupes.com\/lv\" target=\"_blank\" rel=\"noopener\">divasupes.com<\/a><\/p>\n<p><script type=\"application\/ld+json\">\n{\n\"@context\":\"https:\/\/schema.org\",\n\"@type\":\"Hotel\",\n\"name\":\"Viesn\u012bca Divas Upes\",\n\"url\":\"https:\/\/divasupes.com\/lv\"\n}\n<\/script><\/p>\n<hr>\n<p><!--more--><\/p>\n            <\/div>\n        <\/div>\n    <\/div>\n<\/section>\n\n\n<section id=\"written-content-block_1f01de76af9725add697291e2df7c12a\" class=\"block written-content\">\n    <div class=\"container\">\n        <div class=\"row\">\n            <div class=\"col-12\">\n                <h2>Impro Ce\u013cojumi \u2013 T\u016broperators un individu\u0101li ce\u013cojumu risin\u0101jumi Baltij\u0101<\/h2>\n<p><strong>Impro Ce\u013cojumi<\/strong> ir t\u016broperators ar 30 gadu pieredzi, kas pied\u0101v\u0101 kult\u016bras ekskursijas, akt\u012bvos ce\u013cojumus, velot\u016bres, konferences un individu\u0101li izstr\u0101d\u0101tas programmas Baltijas valst\u012bs.<\/p>\n<p><a href=\"http:\/\/www.impro.lv\" target=\"_blank\" rel=\"noopener\">www.impro.lv<\/a><\/p>\n<p><script type=\"application\/ld+json\">\n{\n\"@context\":\"https:\/\/schema.org\",\n\"@type\":\"TourOperator\",\n\"name\":\"Impro Ce\u013cojumi\",\n\"url\":\"http:\/\/www.impro.lv\"\n}\n<\/script><\/p>\n<hr>\n<p><!--more--><\/p>\n            <\/div>\n        <\/div>\n    <\/div>\n<\/section>\n\n\n<section id=\"written-content-block_9dfec37e8ff0fac2797224bc045b1de5\" class=\"block written-content\">\n    <div class=\"container\">\n        <div class=\"row\">\n            <div class=\"col-12\">\n                <h2>Tapioca \u2013 Bezglut\u0113na tapiokas krepes un mobilais \u0113din\u0101\u0161anas busi\u0146\u0161<\/h2>\n<p><strong>Tapioca<\/strong> ir mobilais \u0113din\u0101\u0161anas busi\u0146\u0161, kas pied\u0101v\u0101 bezglut\u0113na tapiokas krepes ar da\u017e\u0101diem pild\u012bjumiem \u2013 sieriem, m\u0101jas pesto, tom\u0101tu salsu un svaigiem sal\u0101tiem.<\/p>\n<p><a href=\"http:\/\/www.tapioca.lv\" target=\"_blank\" rel=\"noopener\">www.tapioca.lv<\/a><\/p>\n<p><script type=\"application\/ld+json\">\n{\n\"@context\":\"https:\/\/schema.org\",\n\"@type\":\"FoodTruck\",\n\"name\":\"Tapioca\",\n\"url\":\"http:\/\/www.tapioca.lv\"\n}\n<\/script><\/p>\n<hr>\n            <\/div>\n        <\/div>\n    <\/div>\n<\/section>\n","protected":false},"excerpt":{"rendered":"","protected":false},"author":1,"featured_media":0,"parent":0,"menu_order":0,"comment_status":"closed","ping_status":"closed","template":"templates\/template-simple-page.php","meta":{"_acf_changed":false,"footnotes":""},"class_list":["post-895","page","type-page","status-publish","hentry"],"acf":[],"yoast_head":"<!-- This site is optimized with the Yoast SEO plugin v25.1 - https:\/\/yoast.com\/wordpress\/plugins\/seo\/ -->\n<title>Sadarb\u012bbas uz\u0146\u0113mumi - Coastal harvest<\/title>\n<meta name=\"robots\" content=\"index, follow, max-snippet:-1, max-image-preview:large, max-video-preview:-1\" \/>\n<link rel=\"canonical\" href=\"https:\/\/coastal.lv\/lv\/sadarbibas-uznemumi\/\" \/>\n<meta property=\"og:locale\" content=\"lv_LV\" \/>\n<meta property=\"og:type\" content=\"article\" \/>\n<meta property=\"og:title\" content=\"Sadarb\u012bbas uz\u0146\u0113mumi - Coastal harvest\" \/>\n<meta property=\"og:url\" content=\"https:\/\/coastal.lv\/lv\/sadarbibas-uznemumi\/\" \/>\n<meta property=\"og:site_name\" content=\"Coastal harvest\" \/>\n<meta property=\"article:modified_time\" content=\"2026-03-05T06:15:33+00:00\" \/>\n<meta name=\"twitter:card\" content=\"summary_large_image\" \/>\n<script type=\"application\/ld+json\" class=\"yoast-schema-graph\">{\"@context\":\"https:\/\/schema.org\",\"@graph\":[{\"@type\":\"WebPage\",\"@id\":\"https:\/\/coastal.lv\/lv\/sadarbibas-uznemumi\/\",\"url\":\"https:\/\/coastal.lv\/lv\/sadarbibas-uznemumi\/\",\"name\":\"Sadarb\u012bbas uz\u0146\u0113mumi - Coastal harvest\",\"isPartOf\":{\"@id\":\"https:\/\/coastal.lv\/#website\"},\"datePublished\":\"2025-12-11T13:03:24+00:00\",\"dateModified\":\"2026-03-05T06:15:33+00:00\",\"breadcrumb\":{\"@id\":\"https:\/\/coastal.lv\/lv\/sadarbibas-uznemumi\/#breadcrumb\"},\"inLanguage\":\"lv-LV\",\"potentialAction\":[{\"@type\":\"ReadAction\",\"target\":[\"https:\/\/coastal.lv\/lv\/sadarbibas-uznemumi\/\"]}]},{\"@type\":\"BreadcrumbList\",\"@id\":\"https:\/\/coastal.lv\/lv\/sadarbibas-uznemumi\/#breadcrumb\",\"itemListElement\":[{\"@type\":\"ListItem\",\"position\":1,\"name\":\"Home\",\"item\":\"https:\/\/coastal.lv\/lv\/\"},{\"@type\":\"ListItem\",\"position\":2,\"name\":\"Sadarb\u012bbas uz\u0146\u0113mumi\"}]},{\"@type\":\"WebSite\",\"@id\":\"https:\/\/coastal.lv\/#website\",\"url\":\"https:\/\/coastal.lv\/\",\"name\":\"Coastal harvest\",\"description\":\"\",\"potentialAction\":[{\"@type\":\"SearchAction\",\"target\":{\"@type\":\"EntryPoint\",\"urlTemplate\":\"https:\/\/coastal.lv\/?s={search_term_string}\"},\"query-input\":{\"@type\":\"PropertyValueSpecification\",\"valueRequired\":true,\"valueName\":\"search_term_string\"}}],\"inLanguage\":\"lv-LV\"}]}<\/script>\n<!-- \/ Yoast SEO plugin. -->","yoast_head_json":{"title":"Sadarb\u012bbas uz\u0146\u0113mumi - Coastal harvest","robots":{"index":"index","follow":"follow","max-snippet":"max-snippet:-1","max-image-preview":"max-image-preview:large","max-video-preview":"max-video-preview:-1"},"canonical":"https:\/\/coastal.lv\/lv\/sadarbibas-uznemumi\/","og_locale":"lv_LV","og_type":"article","og_title":"Sadarb\u012bbas uz\u0146\u0113mumi - Coastal harvest","og_url":"https:\/\/coastal.lv\/lv\/sadarbibas-uznemumi\/","og_site_name":"Coastal harvest","article_modified_time":"2026-03-05T06:15:33+00:00","twitter_card":"summary_large_image","schema":{"@context":"https:\/\/schema.org","@graph":[{"@type":"WebPage","@id":"https:\/\/coastal.lv\/lv\/sadarbibas-uznemumi\/","url":"https:\/\/coastal.lv\/lv\/sadarbibas-uznemumi\/","name":"Sadarb\u012bbas uz\u0146\u0113mumi - Coastal harvest","isPartOf":{"@id":"https:\/\/coastal.lv\/#website"},"datePublished":"2025-12-11T13:03:24+00:00","dateModified":"2026-03-05T06:15:33+00:00","breadcrumb":{"@id":"https:\/\/coastal.lv\/lv\/sadarbibas-uznemumi\/#breadcrumb"},"inLanguage":"lv-LV","potentialAction":[{"@type":"ReadAction","target":["https:\/\/coastal.lv\/lv\/sadarbibas-uznemumi\/"]}]},{"@type":"BreadcrumbList","@id":"https:\/\/coastal.lv\/lv\/sadarbibas-uznemumi\/#breadcrumb","itemListElement":[{"@type":"ListItem","position":1,"name":"Home","item":"https:\/\/coastal.lv\/lv\/"},{"@type":"ListItem","position":2,"name":"Sadarb\u012bbas uz\u0146\u0113mumi"}]},{"@type":"WebSite","@id":"https:\/\/coastal.lv\/#website","url":"https:\/\/coastal.lv\/","name":"Coastal harvest","description":"","potentialAction":[{"@type":"SearchAction","target":{"@type":"EntryPoint","urlTemplate":"https:\/\/coastal.lv\/?s={search_term_string}"},"query-input":{"@type":"PropertyValueSpecification","valueRequired":true,"valueName":"search_term_string"}}],"inLanguage":"lv-LV"}]}},"_links":{"self":[{"href":"https:\/\/coastal.lv\/lv\/wp-json\/wp\/v2\/pages\/895","targetHints":{"allow":["GET"]}}],"collection":[{"href":"https:\/\/coastal.lv\/lv\/wp-json\/wp\/v2\/pages"}],"about":[{"href":"https:\/\/coastal.lv\/lv\/wp-json\/wp\/v2\/types\/page"}],"author":[{"embeddable":true,"href":"https:\/\/coastal.lv\/lv\/wp-json\/wp\/v2\/users\/1"}],"replies":[{"embeddable":true,"href":"https:\/\/coastal.lv\/lv\/wp-json\/wp\/v2\/comments?post=895"}],"version-history":[{"count":3,"href":"https:\/\/coastal.lv\/lv\/wp-json\/wp\/v2\/pages\/895\/revisions"}],"predecessor-version":[{"id":1357,"href":"https:\/\/coastal.lv\/lv\/wp-json\/wp\/v2\/pages\/895\/revisions\/1357"}],"wp:attachment":[{"href":"https:\/\/coastal.lv\/lv\/wp-json\/wp\/v2\/media?parent=895"}],"curies":[{"name":"wp","href":"https:\/\/api.w.org\/{rel}","templated":true}]}}