{"id":905,"date":"2025-12-12T11:12:39","date_gmt":"2025-12-12T09:12:39","guid":{"rendered":"https:\/\/coastal.lv\/?page_id=905"},"modified":"2025-12-12T11:13:06","modified_gmt":"2025-12-12T09:13:06","slug":"celvedis-celojot-pa-vidzemi","status":"publish","type":"page","link":"https:\/\/coastal.lv\/lv\/celvedis-celojot-pa-vidzemi\/","title":{"rendered":"Cel\u0327vedis cel\u0327ojot pa Vidzemi"},"content":{"rendered":"<section id=\"written-content-block_a16e033a41ec446711b752ae7edb2861\" class=\"block written-content\">\n    <div class=\"container\">\n        <div class=\"row\">\n            <div class=\"col-12\">\n                <ol>\n<li>\n<h5><b>K\u0101p\u0113c apmekl\u0113t Vidzemi<\/b><\/h5>\n<\/li>\n<\/ol>\n<p><span style=\"font-weight: 400;\">Vidzeme ir Latvija t\u0101s t\u012br\u0101kaj\u0101, dabisk\u0101kaj\u0101 un v\u0113sturisk\u0101kaj\u0101 veidol\u0101. \u0160eit iepaz\u012bsiet senos Gaujas krastu me\u017eu, viduslaiku pilis, nesteidz\u012bgos ciemus un j\u016bras v\u0113ja piesk\u0101rienu. Vidzeme vilina gan tos, kuri mekl\u0113 klusumu un dabas tuvumu, gan ar\u012b kult\u016bras baud\u012bt\u0101jus, v\u0113stures p\u0113tniekus un akt\u012bv\u0101s atp\u016btas cien\u012bt\u0101jus.<\/span><\/p>\n<p><span style=\"font-weight: 400;\">Vidzemes neskart\u0101s Baltijas j\u016bras pludmales,Gaujas Nacion\u0101lais parks, Latvijas sen\u0101k\u0101 pils\u0113ta C\u0113sis, mazo alus dar\u012btavu un lauku gar\u0161u un piekrastes zivju st\u0101sti, n\u0113\u0123u ce\u013c\u0161.\u00a0 Purvi un dabas liegumi, putnu v\u0113ro\u0161anas takas Zieme\u013cvidzem\u0113 un \u012bpa\u0161\u0101 Vidzemes gaisotne rada saj\u016btu, ka te ikvien\u0101 l\u012bkum\u0101 atkl\u0101jas kas patiesi latvisks.<\/span><\/p>\n<ol start=\"2\">\n<li>\n<h5><b> K\u0101 nok\u013c\u016bt Vidzem\u0113 un p\u0101rvietoties<\/b><\/h5>\n<\/li>\n<\/ol>\n<p><b>No R\u012bgas<\/b><span style=\"font-weight: 400;\"> uz Vidzemi var nok\u013c\u016bt \u0101tri un \u0113rti:<\/span><\/p>\n<ul>\n<li style=\"font-weight: 400;\" aria-level=\"1\"><b>Ar vilcienu<\/b><span style=\"font-weight: 400;\"> (uz Valmieru, C\u0113s\u012bm, Siguldu, Saulkrastiem) \u2013 regul\u0101ri, \u0101tri, \u0113rti.<\/span><\/li>\n<li style=\"font-weight: 400;\" aria-level=\"1\"><b>\u0160aurslie\u017eu b\u0101n\u012btis <\/b><span style=\"font-weight: 400;\">kurs\u0113 mar\u0161rut\u0101<\/span><b> \u2013<\/b><span style=\"font-weight: 400;\"> Gulbene-Al\u016bksne<\/span><\/li>\n<li style=\"font-weight: 400;\" aria-level=\"1\"><b>Ar autobusu<\/b><span style=\"font-weight: 400;\"> \u2013 kurs\u0113 uz vis\u0101m Vidzemes pils\u0113t\u0101m un maz\u0101kiem ciemiem.<\/span><\/li>\n<li style=\"font-weight: 400;\" aria-level=\"1\"><b>Ar auto<\/b><span style=\"font-weight: 400;\"> \u2013 Vidzemi \u0161\u0137\u0113rso \u0113rti ce\u013ci: A2, A3, A7, A1 un gleznaini re\u0123ion\u0101lie mar\u0161ruti.<\/span><\/li>\n<li style=\"font-weight: 400;\" aria-level=\"1\"><b>Ar velosip\u0113du<\/b><span style=\"font-weight: 400;\"> \u2013 \u012bpa\u0161i popul\u0101rs mar\u0161rutos gar Gauju un Vidzemes piekrasti.<\/span><\/li>\n<\/ul>\n<ol start=\"3\">\n<li>\n<h5><b> T\u016brisma inform\u0101cijas centri Vidzem\u0113<\/b><\/h5>\n<\/li>\n<\/ol>\n<p><span style=\"font-weight: 400;\">Ce\u013cot\u0101jiem vienm\u0113r noder\u012bgi piest\u0101t <\/span><b>T\u016brisma inform\u0101cijas centros<\/b><span style=\"font-weight: 400;\">, kur var sa\u0146emt kartes, idejas mar\u0161rutiem un inform\u0101ciju par aktu\u0101lajiem pas\u0101kumiem. Popul\u0101r\u0101kie Vidzemes TIC:<\/span><\/p>\n<ul>\n<li style=\"font-weight: 400;\" aria-level=\"1\"><b>C\u0113su TIC<\/b><span style=\"font-weight: 400;\"> \u2013 Rose Square 5\/6<\/span><\/li>\n<li style=\"font-weight: 400;\" aria-level=\"1\"><b>Siguldas TIC<\/b><span style=\"font-weight: 400;\"> \u2013 Ausek\u013ca iela 6<\/span><\/li>\n<li style=\"font-weight: 400;\" aria-level=\"1\"><b>Valmieras TIC<\/b><span style=\"font-weight: 400;\"> \u2013 Bru\u0146inieku iela 1<\/span><\/li>\n<li style=\"font-weight: 400;\" aria-level=\"1\"><b>Al\u016bksnes TIC<\/b><span style=\"font-weight: 400;\"> \u2013 Tirgot\u0101ju iela 5<\/span><\/li>\n<li style=\"font-weight: 400;\" aria-level=\"1\"><b>Saulkrastu TIC<\/b><span style=\"font-weight: 400;\"> \u2013 Aina\u017eu iela 13<\/span><\/li>\n<li style=\"font-weight: 400;\" aria-level=\"1\"><b>Gulbenes TIC- <\/b><span style=\"font-weight: 400;\">\u0100be\u013cu iela 2,\u00a0<\/span><\/li>\n<li style=\"font-weight: 400;\" aria-level=\"1\"><b>Madonas TIC<\/b><span style=\"font-weight: 400;\"> -Skolas iela 10a<\/span><\/li>\n<\/ul>\n<p><span style=\"font-weight: 400;\">Tie ir lieliski ce\u013cojuma pavado\u0146i neatkar\u012bgi no gadalaika.<\/span><\/p>\n<ol start=\"4\">\n<li>\n<h5><b> Popul\u0101r\u0101k\u0101s akt\u012bv\u0101 un kult\u016bras t\u016brisma aktivit\u0101tes Vidzem\u0113<\/b><\/h5>\n<\/li>\n<\/ol>\n<p><b>Akt\u012bvais t\u016brisms<\/b><\/p>\n<ul>\n<li style=\"font-weight: 400;\" aria-level=\"1\"><b>Gaujas Nacion\u0101l\u0101 parka takas<\/b><span style=\"font-weight: 400;\"> \u2013 Sarkan\u0101s klintis, L\u012bgatnes dabas takas, Zv\u0101rtes iezis.<\/span><\/li>\n<li style=\"font-weight: 400;\" aria-level=\"1\"><b>Sl\u0113po\u0161ana un sl\u0113po\u0161anas trases<\/b><span style=\"font-weight: 400;\"> \u2013 \u017dagarkalns, Ozolkalns, Bai\u013ci.<\/span><\/li>\n<li style=\"font-weight: 400;\" aria-level=\"1\"><b>Velo mar\u0161ruti<\/b><span style=\"font-weight: 400;\"> \u2013 Za\u013co ce\u013cu mar\u0161ruti, piekrastes veloce\u013ci<\/span><\/li>\n<li style=\"font-weight: 400;\" aria-level=\"1\"><b>Laivo\u0161ana<\/b><span style=\"font-weight: 400;\"> \u2013 Gauja, Brasla, Salaca pied\u0101v\u0101 da\u017e\u0101du l\u012bme\u0146u upes.<\/span><\/li>\n<li style=\"font-weight: 400;\" aria-level=\"1\"><b>Putnu v\u0113ro\u0161ana<\/b><span style=\"font-weight: 400;\"> \u2013 Zieme\u013cvidzemes biosf\u0113ras rezerv\u0101ts, Burtnieku apk\u0101rtne, piekrastes k\u0101pas.<\/span><\/li>\n<li style=\"font-weight: 400;\" aria-level=\"1\"><b>Mak\u0161\u0137er\u0113\u0161ana un zivju degust\u0101cijas<\/b><span style=\"font-weight: 400;\"> \u2013 piekrast\u0113 un Burtnieku ezer\u0101 pieejami zvejnieku saimju pied\u0101v\u0101jumi.<\/span><\/li>\n<\/ul>\n<p><b>Kult\u016bras t\u016brisms<\/b><\/p>\n<ul>\n<li style=\"font-weight: 400;\" aria-level=\"1\"><b>Viduslaiku pilis un mui\u017eas<\/b><span style=\"font-weight: 400;\"> \u2013 C\u0113su pils, Siguldas pils komplekss, St\u0101merienas un Al\u016bksnes mui\u017eas.<\/span><\/li>\n<li style=\"font-weight: 400;\" aria-level=\"1\"><b>Senie amatnieki un meistardarbn\u012bcas<\/b><span style=\"font-weight: 400;\"> \u2013 kokgrie\u0161ana, keramika, au\u0161ana, alus dar\u012b\u0161ana.<\/span><\/li>\n<li style=\"font-weight: 400;\" aria-level=\"1\"><b>Festiv\u0101li un tirgi<\/b><span style=\"font-weight: 400;\"> \u2013 Straupes lauku labumu tirdzi\u0146\u0161, C\u0113su m\u0101kslas festiv\u0101ls, Mazsalacas putnu pas\u0101kumi, m\u0101jas kafejn\u012bcu dienas.<\/span><\/li>\n<li style=\"font-weight: 400;\" aria-level=\"1\"><b>Muzeji<\/b><span style=\"font-weight: 400;\"> \u2013 Valmieras muzejs, Saulkrastu Velomuzejs, Ligatnes pap\u012brfabrikas teritorija, ZINOO C\u0113sis.<\/span><\/li>\n<\/ul>\n            <\/div>\n        <\/div>\n    <\/div>\n<\/section>\n","protected":false},"excerpt":{"rendered":"","protected":false},"author":1,"featured_media":0,"parent":0,"menu_order":0,"comment_status":"closed","ping_status":"closed","template":"templates\/template-simple-page.php","meta":{"_acf_changed":false,"footnotes":""},"class_list":["post-905","page","type-page","status-publish","hentry"],"acf":[],"yoast_head":"<!-- This site is optimized with the Yoast SEO plugin v25.1 - https:\/\/yoast.com\/wordpress\/plugins\/seo\/ -->\n<title>Cel\u0327vedis cel\u0327ojot pa Vidzemi - Coastal harvest<\/title>\n<meta name=\"robots\" content=\"index, follow, max-snippet:-1, max-image-preview:large, max-video-preview:-1\" \/>\n<link rel=\"canonical\" href=\"https:\/\/coastal.lv\/lv\/celvedis-celojot-pa-vidzemi\/\" \/>\n<meta property=\"og:locale\" content=\"lv_LV\" \/>\n<meta property=\"og:type\" content=\"article\" \/>\n<meta property=\"og:title\" content=\"Cel\u0327vedis cel\u0327ojot pa Vidzemi - Coastal harvest\" \/>\n<meta property=\"og:url\" content=\"https:\/\/coastal.lv\/lv\/celvedis-celojot-pa-vidzemi\/\" \/>\n<meta property=\"og:site_name\" content=\"Coastal harvest\" \/>\n<meta property=\"article:modified_time\" content=\"2025-12-12T09:13:06+00:00\" \/>\n<meta name=\"twitter:card\" content=\"summary_large_image\" \/>\n<script type=\"application\/ld+json\" class=\"yoast-schema-graph\">{\"@context\":\"https:\/\/schema.org\",\"@graph\":[{\"@type\":\"WebPage\",\"@id\":\"https:\/\/coastal.lv\/lv\/celvedis-celojot-pa-vidzemi\/\",\"url\":\"https:\/\/coastal.lv\/lv\/celvedis-celojot-pa-vidzemi\/\",\"name\":\"Cel\u0327vedis cel\u0327ojot pa Vidzemi - Coastal harvest\",\"isPartOf\":{\"@id\":\"https:\/\/coastal.lv\/#website\"},\"datePublished\":\"2025-12-12T09:12:39+00:00\",\"dateModified\":\"2025-12-12T09:13:06+00:00\",\"breadcrumb\":{\"@id\":\"https:\/\/coastal.lv\/lv\/celvedis-celojot-pa-vidzemi\/#breadcrumb\"},\"inLanguage\":\"lv-LV\",\"potentialAction\":[{\"@type\":\"ReadAction\",\"target\":[\"https:\/\/coastal.lv\/lv\/celvedis-celojot-pa-vidzemi\/\"]}]},{\"@type\":\"BreadcrumbList\",\"@id\":\"https:\/\/coastal.lv\/lv\/celvedis-celojot-pa-vidzemi\/#breadcrumb\",\"itemListElement\":[{\"@type\":\"ListItem\",\"position\":1,\"name\":\"Home\",\"item\":\"https:\/\/coastal.lv\/lv\/\"},{\"@type\":\"ListItem\",\"position\":2,\"name\":\"Cel\u0327vedis cel\u0327ojot pa Vidzemi\"}]},{\"@type\":\"WebSite\",\"@id\":\"https:\/\/coastal.lv\/#website\",\"url\":\"https:\/\/coastal.lv\/\",\"name\":\"Coastal harvest\",\"description\":\"\",\"potentialAction\":[{\"@type\":\"SearchAction\",\"target\":{\"@type\":\"EntryPoint\",\"urlTemplate\":\"https:\/\/coastal.lv\/?s={search_term_string}\"},\"query-input\":{\"@type\":\"PropertyValueSpecification\",\"valueRequired\":true,\"valueName\":\"search_term_string\"}}],\"inLanguage\":\"lv-LV\"}]}<\/script>\n<!-- \/ Yoast SEO plugin. -->","yoast_head_json":{"title":"Cel\u0327vedis cel\u0327ojot pa Vidzemi - Coastal harvest","robots":{"index":"index","follow":"follow","max-snippet":"max-snippet:-1","max-image-preview":"max-image-preview:large","max-video-preview":"max-video-preview:-1"},"canonical":"https:\/\/coastal.lv\/lv\/celvedis-celojot-pa-vidzemi\/","og_locale":"lv_LV","og_type":"article","og_title":"Cel\u0327vedis cel\u0327ojot pa Vidzemi - Coastal harvest","og_url":"https:\/\/coastal.lv\/lv\/celvedis-celojot-pa-vidzemi\/","og_site_name":"Coastal harvest","article_modified_time":"2025-12-12T09:13:06+00:00","twitter_card":"summary_large_image","schema":{"@context":"https:\/\/schema.org","@graph":[{"@type":"WebPage","@id":"https:\/\/coastal.lv\/lv\/celvedis-celojot-pa-vidzemi\/","url":"https:\/\/coastal.lv\/lv\/celvedis-celojot-pa-vidzemi\/","name":"Cel\u0327vedis cel\u0327ojot pa Vidzemi - Coastal harvest","isPartOf":{"@id":"https:\/\/coastal.lv\/#website"},"datePublished":"2025-12-12T09:12:39+00:00","dateModified":"2025-12-12T09:13:06+00:00","breadcrumb":{"@id":"https:\/\/coastal.lv\/lv\/celvedis-celojot-pa-vidzemi\/#breadcrumb"},"inLanguage":"lv-LV","potentialAction":[{"@type":"ReadAction","target":["https:\/\/coastal.lv\/lv\/celvedis-celojot-pa-vidzemi\/"]}]},{"@type":"BreadcrumbList","@id":"https:\/\/coastal.lv\/lv\/celvedis-celojot-pa-vidzemi\/#breadcrumb","itemListElement":[{"@type":"ListItem","position":1,"name":"Home","item":"https:\/\/coastal.lv\/lv\/"},{"@type":"ListItem","position":2,"name":"Cel\u0327vedis cel\u0327ojot pa Vidzemi"}]},{"@type":"WebSite","@id":"https:\/\/coastal.lv\/#website","url":"https:\/\/coastal.lv\/","name":"Coastal harvest","description":"","potentialAction":[{"@type":"SearchAction","target":{"@type":"EntryPoint","urlTemplate":"https:\/\/coastal.lv\/?s={search_term_string}"},"query-input":{"@type":"PropertyValueSpecification","valueRequired":true,"valueName":"search_term_string"}}],"inLanguage":"lv-LV"}]}},"_links":{"self":[{"href":"https:\/\/coastal.lv\/lv\/wp-json\/wp\/v2\/pages\/905","targetHints":{"allow":["GET"]}}],"collection":[{"href":"https:\/\/coastal.lv\/lv\/wp-json\/wp\/v2\/pages"}],"about":[{"href":"https:\/\/coastal.lv\/lv\/wp-json\/wp\/v2\/types\/page"}],"author":[{"embeddable":true,"href":"https:\/\/coastal.lv\/lv\/wp-json\/wp\/v2\/users\/1"}],"replies":[{"embeddable":true,"href":"https:\/\/coastal.lv\/lv\/wp-json\/wp\/v2\/comments?post=905"}],"version-history":[{"count":1,"href":"https:\/\/coastal.lv\/lv\/wp-json\/wp\/v2\/pages\/905\/revisions"}],"predecessor-version":[{"id":906,"href":"https:\/\/coastal.lv\/lv\/wp-json\/wp\/v2\/pages\/905\/revisions\/906"}],"wp:attachment":[{"href":"https:\/\/coastal.lv\/lv\/wp-json\/wp\/v2\/media?parent=905"}],"curies":[{"name":"wp","href":"https:\/\/api.w.org\/{rel}","templated":true}]}}